{"id":617,"date":"2023-04-09T23:22:30","date_gmt":"2023-04-09T23:22:30","guid":{"rendered":"https:\/\/wenergy.com.tr\/?page_id=617"},"modified":"2023-04-17T01:52:48","modified_gmt":"2023-04-17T01:52:48","slug":"katilimci-formu","status":"publish","type":"page","link":"http:\/\/wenergy.com.tr\/en\/katilimci-formu\/","title":{"rendered":"Book Your Stand"},"content":{"rendered":"\t\t<div data-elementor-type=\"wp-page\" data-elementor-id=\"617\" class=\"elementor elementor-617\">\n\t\t\t\t\t\t<section class=\"elementor-section elementor-top-section elementor-element elementor-element-6b99ed0 elementor-section-boxed elementor-section-height-default elementor-section-height-default\" data-id=\"6b99ed0\" data-element_type=\"section\" data-e-type=\"section\" data-settings=\"{&quot;background_background&quot;:&quot;slideshow&quot;,&quot;background_slideshow_gallery&quot;:[{&quot;id&quot;:962,&quot;url&quot;:&quot;https:\\\/\\\/wenergy.com.tr\\\/wp-content\\\/uploads\\\/2023\\\/04\\\/web_banner_black.jpg&quot;},{&quot;id&quot;:964,&quot;url&quot;:&quot;https:\\\/\\\/wenergy.com.tr\\\/wp-content\\\/uploads\\\/2023\\\/04\\\/web_banner_black02.jpg&quot;}],&quot;background_slideshow_ken_burns&quot;:&quot;yes&quot;,&quot;background_slideshow_loop&quot;:&quot;yes&quot;,&quot;background_slideshow_slide_duration&quot;:5000,&quot;background_slideshow_slide_transition&quot;:&quot;fade&quot;,&quot;background_slideshow_transition_duration&quot;:500,&quot;background_slideshow_ken_burns_zoom_direction&quot;:&quot;in&quot;}\">\n\t\t\t\t\t\t<div class=\"elementor-container elementor-column-gap-default\">\n\t\t\t\t\t<div class=\"elementor-column elementor-col-100 elementor-top-column elementor-element elementor-element-5e816fd\" data-id=\"5e816fd\" data-element_type=\"column\" data-e-type=\"column\">\n\t\t\t<div class=\"elementor-widget-wrap elementor-element-populated\">\n\t\t\t\t\t\t<div class=\"elementor-element elementor-element-541a1cc elementor-widget elementor-widget-gva-heading-block\" data-id=\"541a1cc\" data-element_type=\"widget\" data-e-type=\"widget\" data-widget_type=\"gva-heading-block.default\">\n\t\t\t\t<div class=\"elementor-widget-container\">\n\t\t\t\t\t<div class=\"gva-element-gva-heading-block gva-element\">   <div class=\"align-left style-1 widget gsc-heading box-align-left auto-responsive\">\r\n      <div class=\"content-inner\">\r\n         \r\n                  \r\n           \r\n         \r\n                     <h2 class=\"title\">\r\n               <span>Kat\u0131l\u0131mc\u0131 Formu<\/span>\r\n            <\/h2>\r\n                  \r\n                     <div class=\"title-desc\">Temiz Enerji Teknolojileri Fuar\u0131na Kat\u0131l !<\/div>\r\n         \r\n         \r\n      <\/div>\r\n   <\/div>\r\n<\/div>\t\t\t\t<\/div>\n\t\t\t\t<\/div>\n\t\t\t\t\t<\/div>\n\t\t<\/div>\n\t\t\t\t\t<\/div>\n\t\t<\/section>\n\t\t\t\t<section class=\"elementor-section elementor-top-section elementor-element elementor-element-ce6dba8 elementor-section-boxed elementor-section-height-default elementor-section-height-default\" data-id=\"ce6dba8\" data-element_type=\"section\" data-e-type=\"section\">\n\t\t\t\t\t\t<div class=\"elementor-container elementor-column-gap-default\">\n\t\t\t\t\t<div class=\"elementor-column elementor-col-100 elementor-top-column elementor-element elementor-element-3b6d25a\" data-id=\"3b6d25a\" data-element_type=\"column\" data-e-type=\"column\">\n\t\t\t<div class=\"elementor-widget-wrap elementor-element-populated\">\n\t\t\t\t\t\t<div class=\"elementor-element elementor-element-d8d863d elementor-widget elementor-widget-gva-heading-block\" data-id=\"d8d863d\" data-element_type=\"widget\" data-e-type=\"widget\" data-widget_type=\"gva-heading-block.default\">\n\t\t\t\t<div class=\"elementor-widget-container\">\n\t\t\t\t\t<div class=\"gva-element-gva-heading-block gva-element\">   <div class=\"align-left style-1 widget gsc-heading box-align-left auto-responsive\">\r\n      <div class=\"content-inner\">\r\n         \r\n                  \r\n         <div class=\"sub-title\"><span class=\"tagline\">Kat\u0131l\u0131mc\u0131 Formu<\/span><\/div>  \r\n         \r\n                     <h2 class=\"title\">\r\n               <span>Kat\u0131l\u0131mc\u0131 Olmak \u0130\u00e7in Formu Doldurunuz !<\/span>\r\n            <\/h2>\r\n                  \r\n                     <div class=\"title-desc\">T\u00fcrkiye'nin En G\u00fc\u00e7l\u00fc Enerji Teknolojileri Fuar\u0131na Kat\u0131larak Prestijinizi Y\u00fckseltin.<\/div>\r\n         \r\n         \r\n      <\/div>\r\n   <\/div>\r\n<\/div>\t\t\t\t<\/div>\n\t\t\t\t<\/div>\n\t\t\t\t<div class=\"elementor-element elementor-element-7046b2e elementor-widget__width-inherit elementor-widget elementor-widget-shortcode\" data-id=\"7046b2e\" data-element_type=\"widget\" data-e-type=\"widget\" data-widget_type=\"shortcode.default\">\n\t\t\t\t<div class=\"elementor-widget-container\">\n\t\t\t\t\t\t\t<div class=\"elementor-shortcode\">\n<div class=\"wpcf7 no-js\" id=\"wpcf7-f616-o1\" lang=\"tr-TR\" dir=\"ltr\" data-wpcf7-id=\"616\">\n<div class=\"screen-reader-response\"><p role=\"status\" aria-live=\"polite\" aria-atomic=\"true\"><\/p> <ul><\/ul><\/div>\n<form action=\"\/en\/wp-json\/wp\/v2\/pages\/617#wpcf7-f616-o1\" method=\"post\" class=\"wpcf7-form init\" aria-label=\"\u0130leti\u015fim Formu\" novalidate=\"novalidate\" data-status=\"init\">\n<fieldset class=\"hidden-fields-container\"><input type=\"hidden\" name=\"_wpcf7\" value=\"616\" \/><input type=\"hidden\" name=\"_wpcf7_version\" value=\"6.1.5\" \/><input type=\"hidden\" name=\"_wpcf7_locale\" value=\"tr_TR\" \/><input type=\"hidden\" name=\"_wpcf7_unit_tag\" value=\"wpcf7-f616-o1\" \/><input type=\"hidden\" name=\"_wpcf7_container_post\" value=\"0\" \/><input type=\"hidden\" name=\"_wpcf7_posted_data_hash\" value=\"\" \/>\n<\/fieldset>\n<h3>L\u00fctfen Kat\u0131l\u0131mc\u0131 T\u00fcr\u00fcn\u00fcz\u00fc Se\u00e7iniz.<\/h3>\n<span class=\"wpcf7-form-control-wrap\" data-name=\"radio-442\"><span class=\"wpcf7-form-control wpcf7-radio\"><span class=\"wpcf7-list-item first\"><label><input type=\"radio\" name=\"radio-442\" value=\"Stantl\u0131 Kat\u0131l\u0131m\" checked=\"checked\" \/><span class=\"wpcf7-list-item-label\">Stantl\u0131 Kat\u0131l\u0131m<\/span><\/label><\/span><span class=\"wpcf7-list-item last\"><label><input type=\"radio\" name=\"radio-442\" value=\"Stants\u0131z Kat\u0131l\u0131m\" \/><span class=\"wpcf7-list-item-label\">Stants\u0131z Kat\u0131l\u0131m<\/span><\/label><\/span><\/span><\/span>\n\n<div class=\"row\">\n   <div class=\"col-md-6\">\n<label> Ad\u0131nz Soyad\u0131n\u0131z\n    <span class=\"wpcf7-form-control-wrap\" data-name=\"your-name\"><input size=\"40\" maxlength=\"400\" class=\"wpcf7-form-control wpcf7-text wpcf7-validates-as-required\" autocomplete=\"name\" aria-required=\"true\" aria-invalid=\"false\" value=\"\" type=\"text\" name=\"your-name\" \/><\/span> <\/label>\n    <\/div>\n\n   <div class=\"col-md-6\">\n<label> E-posta adresiniz\n    <span class=\"wpcf7-form-control-wrap\" data-name=\"your-email\"><input size=\"40\" maxlength=\"400\" class=\"wpcf7-form-control wpcf7-email wpcf7-validates-as-required wpcf7-text wpcf7-validates-as-email\" autocomplete=\"email\" aria-required=\"true\" aria-invalid=\"false\" value=\"\" type=\"email\" name=\"your-email\" \/><\/span> <\/label>\n\n<div class=\"col-md-6\">\n<label> Telefon  \n    <span class=\"wpcf7-form-control-wrap\" data-name=\"your-tel\"><input size=\"40\" maxlength=\"400\" class=\"wpcf7-form-control wpcf7-tel wpcf7-validates-as-required wpcf7-text wpcf7-validates-as-tel\" autocomplete=\"tel\" aria-required=\"true\" aria-invalid=\"false\" value=\"\" type=\"tel\" name=\"your-tel\" \/><\/span> <\/label>\n\n<\/div>\n<\/div>\n\n\n\n<div class=\"row\">\n   <div class=\"col-md-6\">\n<label> Firma Ad\u0131\n    <span class=\"wpcf7-form-control-wrap\" data-name=\"your-firma\"><input size=\"40\" maxlength=\"400\" class=\"wpcf7-form-control wpcf7-text wpcf7-validates-as-required\" autocomplete=\"firma\" aria-required=\"true\" aria-invalid=\"false\" value=\"\" type=\"text\" name=\"your-firma\" \/><\/span> <\/label>\n   <\/div>\n\n   <div class=\"col-md-6\">\n<label> \u00dcnvan\n    <span class=\"wpcf7-form-control-wrap\" data-name=\"your-unvan\"><input size=\"40\" maxlength=\"400\" class=\"wpcf7-form-control wpcf7-text wpcf7-validates-as-required\" autocomplete=\"unvan\" aria-required=\"true\" aria-invalid=\"false\" value=\"\" type=\"text\" name=\"your-unvan\" \/><\/span> <\/label>\n<\/div>\n<\/div>\n\n<div class=\"row\">\n   <div class=\"col-md-6\">\n<label> \u00dclke\n    <span class=\"wpcf7-form-control-wrap\" data-name=\"your-ulke\"><input size=\"40\" maxlength=\"400\" class=\"wpcf7-form-control wpcf7-text wpcf7-validates-as-required\" autocomplete=\"ulke\" aria-required=\"true\" aria-invalid=\"false\" value=\"\" type=\"text\" name=\"your-ulke\" \/><\/span> <\/label>\n<\/div>\n\n   <div class=\"col-md-6\">\n<label> \u015eehir\n    <span class=\"wpcf7-form-control-wrap\" data-name=\"your-sehir\"><input size=\"40\" maxlength=\"400\" class=\"wpcf7-form-control wpcf7-text wpcf7-validates-as-required\" autocomplete=\"sehir\" aria-required=\"true\" aria-invalid=\"false\" value=\"\" type=\"text\" name=\"your-sehir\" \/><\/span> <\/label>\n<\/div>\n<\/div>\n\n<h3>L\u00fctfen A\u015fa\u011f\u0131dan \u00dcr\u00fcn Grubunuzu Se\u00e7iniz.<\/h3>\n\n<span class=\"wpcf7-form-control-wrap\" data-name=\"menu-559\"><select class=\"wpcf7-form-control wpcf7-select\" aria-invalid=\"false\" name=\"menu-559\"><option value=\"G\u00fcne\u015f Enerji Panelleri ve Teknolojileri\">G\u00fcne\u015f Enerji Panelleri ve Teknolojileri<\/option><option value=\"Hidrot\u00fcrbin \u0130thalat\u00e7\u0131lar\u0131 ve \u00dcreticileri\">Hidrot\u00fcrbin \u0130thalat\u00e7\u0131lar\u0131 ve \u00dcreticileri<\/option><option value=\"R\u00fczgar T\u00fcrbinleri \u0130thalat\u00e7\u0131lar\u0131 ve \u00dcreticileri\">R\u00fczgar T\u00fcrbinleri \u0130thalat\u00e7\u0131lar\u0131 ve \u00dcreticileri<\/option><option value=\"Buhar T\u00fcrbinleri \u0130thalat\u00e7\u0131lar\u0131 ve \u00dcreticileri\">Buhar T\u00fcrbinleri \u0130thalat\u00e7\u0131lar\u0131 ve \u00dcreticileri<\/option><option value=\"Enerji Depolama Firmalar\u0131\">Enerji Depolama Firmalar\u0131<\/option><option value=\"Biyogaz Teknoloji Firmalar\u0131\">Biyogaz Teknoloji Firmalar\u0131<\/option><option value=\"Hidrojen Teknoloji Firmalar\u0131\">Hidrojen Teknoloji Firmalar\u0131<\/option><option value=\"\u0130thalat\u00e7\u0131lar ve \u00dcreticiler\">\u0130thalat\u00e7\u0131lar ve \u00dcreticiler<\/option><option value=\"Enerji \u00dcretim, Da\u011f\u0131t\u0131m ve Sat\u0131\u015f Firmalar\u0131\">Enerji \u00dcretim, Da\u011f\u0131t\u0131m ve Sat\u0131\u015f Firmalar\u0131<\/option><option value=\"Tedarik\u00e7iler\">Tedarik\u00e7iler<\/option><option value=\"Enerji Sekt\u00f6r\u00fcne Hizmet Veren Ulusal ve Uluslararas\u0131 Kurulu\u015flar\">Enerji Sekt\u00f6r\u00fcne Hizmet Veren Ulusal ve Uluslararas\u0131 Kurulu\u015flar<\/option><option value=\"Kamu ve Sivil Toplum Kurulu\u015flar\u0131\">Kamu ve Sivil Toplum Kurulu\u015flar\u0131<\/option><\/select><\/span>\n\n<input class=\"wpcf7-form-control wpcf7-submit has-spinner\" type=\"submit\" value=\"G\u00f6nder\" \/><div class=\"wpcf7-response-output\" aria-hidden=\"true\"><\/div>\n<\/form>\n<\/div>\n<\/div>\n\t\t\t\t\t\t<\/div>\n\t\t\t\t<\/div>\n\t\t\t\t\t<\/div>\n\t\t<\/div>\n\t\t\t\t\t<\/div>\n\t\t<\/section>\n\t\t\t\t<section class=\"elementor-section elementor-top-section elementor-element elementor-element-bc4077f elementor-section-boxed elementor-section-height-default elementor-section-height-default\" data-id=\"bc4077f\" data-element_type=\"section\" data-e-type=\"section\">\n\t\t\t\t\t\t<div class=\"elementor-container elementor-column-gap-default\">\n\t\t\t\t\t<div class=\"elementor-column elementor-col-100 elementor-top-column elementor-element elementor-element-32a21d7\" data-id=\"32a21d7\" data-element_type=\"column\" data-e-type=\"column\" data-settings=\"{&quot;background_background&quot;:&quot;gradient&quot;}\">\n\t\t\t<div class=\"elementor-widget-wrap elementor-element-populated\">\n\t\t\t\t\t<div class=\"elementor-background-overlay\"><\/div>\n\t\t\t\t\t\t<section class=\"elementor-section elementor-inner-section elementor-element elementor-element-b752d67 elementor-section-boxed elementor-section-height-default elementor-section-height-default\" data-id=\"b752d67\" data-element_type=\"section\" data-e-type=\"section\">\n\t\t\t\t\t\t<div class=\"elementor-container elementor-column-gap-default\">\n\t\t\t\t\t<div class=\"elementor-column elementor-col-50 elementor-inner-column elementor-element elementor-element-2f280d5\" data-id=\"2f280d5\" data-element_type=\"column\" data-e-type=\"column\">\n\t\t\t<div class=\"elementor-widget-wrap elementor-element-populated\">\n\t\t\t\t\t\t<div class=\"elementor-element elementor-element-4908ada elementor-position-inline-start icon-box-left elementor-view-default elementor-mobile-position-block-start elementor-widget elementor-widget-icon-box\" data-id=\"4908ada\" data-element_type=\"widget\" data-e-type=\"widget\" data-widget_type=\"icon-box.default\">\n\t\t\t\t<div class=\"elementor-widget-container\">\n\t\t\t\t\t\t\t<div class=\"elementor-icon-box-wrapper\">\n\n\t\t\t\t\t\t<div class=\"elementor-icon-box-icon\">\n\t\t\t\t<span  class=\"elementor-icon\">\n\t\t\t\t<i aria-hidden=\"true\" class=\" micon__family-1\"><\/i>\t\t\t\t<\/span>\n\t\t\t<\/div>\n\t\t\t\n\t\t\t\t\t\t<div class=\"elementor-icon-box-content\">\n\n\t\t\t\t\t\t\t\t\t<h3 class=\"elementor-icon-box-title\">\n\t\t\t\t\t\t<span  >\n\t\t\t\t\t\t\tFuar hakk\u0131nda dan\u0131\u015fmanl\u0131\u011f\u0131na m\u0131 ihtiyac\u0131n\u0131z var?\t\t\t\t\t\t<\/span>\n\t\t\t\t\t<\/h3>\n\t\t\t\t\n\t\t\t\t\n\t\t\t<\/div>\n\t\t\t\n\t\t<\/div>\n\t\t\t\t\t\t<\/div>\n\t\t\t\t<\/div>\n\t\t\t\t\t<\/div>\n\t\t<\/div>\n\t\t\t\t<div class=\"elementor-column elementor-col-50 elementor-inner-column elementor-element elementor-element-f173852\" data-id=\"f173852\" data-element_type=\"column\" data-e-type=\"column\">\n\t\t\t<div class=\"elementor-widget-wrap elementor-element-populated\">\n\t\t\t\t\t\t<div class=\"elementor-element elementor-element-2c7a4b2 elementor-widget__width-auto elementor-widget elementor-widget-html\" data-id=\"2c7a4b2\" data-element_type=\"widget\" data-e-type=\"widget\" data-widget_type=\"html.default\">\n\t\t\t\t<div class=\"elementor-widget-container\">\n\t\t\t\t\t<a class=\"btn-white btn-medium\" href=\"https:\/\/wenergy.com.tr\/iletisim\/\">\n    Hemen T\u0131kla !\n<\/a>\t\t\t\t<\/div>\n\t\t\t\t<\/div>\n\t\t\t\t\t<\/div>\n\t\t<\/div>\n\t\t\t\t\t<\/div>\n\t\t<\/section>\n\t\t\t\t\t<\/div>\n\t\t<\/div>\n\t\t\t\t\t<\/div>\n\t\t<\/section>\n\t\t\t\t<\/div>\n\t\t","protected":false},"excerpt":{"rendered":"<p>Kat\u0131l\u0131mc\u0131 Formu Temiz Enerji Teknolojileri Fuar\u0131na Kat\u0131l ! Kat\u0131l\u0131mc\u0131 Formu Kat\u0131l\u0131mc\u0131 Olmak \u0130\u00e7in Formu Doldurunuz ! T\u00fcrkiye&#8217;nin En G\u00fc\u00e7l\u00fc Enerji Teknolojileri Fuar\u0131na Kat\u0131larak Prestijinizi Y\u00fckseltin. Fuar hakk\u0131nda dan\u0131\u015fmanl\u0131\u011f\u0131na m\u0131 ihtiyac\u0131n\u0131z [&hellip;]<\/p>\n","protected":false},"author":1,"featured_media":0,"parent":0,"menu_order":0,"comment_status":"closed","ping_status":"closed","template":"","meta":{"_price":"","_stock":"","_tribe_ticket_header":"","_tribe_default_ticket_provider":"","_tribe_ticket_capacity":"0","_ticket_start_date":"","_ticket_end_date":"","_tribe_ticket_show_description":"","_tribe_ticket_show_not_going":false,"_tribe_ticket_use_global_stock":"","_tribe_ticket_global_stock_level":"","_global_stock_mode":"","_global_stock_cap":"","_tribe_rsvp_for_event":"","_tribe_ticket_going_count":"","_tribe_ticket_not_going_count":"","_tribe_tickets_list":"[]","_tribe_ticket_has_attendee_info_fields":false,"footnotes":"","_tec_slr_enabled":"","_tec_slr_layout":""},"class_list":["post-617","page","type-page","status-publish","hentry"],"ticketed":false,"_links":{"self":[{"href":"http:\/\/wenergy.com.tr\/en\/wp-json\/wp\/v2\/pages\/617","targetHints":{"allow":["GET"]}}],"collection":[{"href":"http:\/\/wenergy.com.tr\/en\/wp-json\/wp\/v2\/pages"}],"about":[{"href":"http:\/\/wenergy.com.tr\/en\/wp-json\/wp\/v2\/types\/page"}],"author":[{"embeddable":true,"href":"http:\/\/wenergy.com.tr\/en\/wp-json\/wp\/v2\/users\/1"}],"replies":[{"embeddable":true,"href":"http:\/\/wenergy.com.tr\/en\/wp-json\/wp\/v2\/comments?post=617"}],"version-history":[{"count":10,"href":"http:\/\/wenergy.com.tr\/en\/wp-json\/wp\/v2\/pages\/617\/revisions"}],"predecessor-version":[{"id":1033,"href":"http:\/\/wenergy.com.tr\/en\/wp-json\/wp\/v2\/pages\/617\/revisions\/1033"}],"wp:attachment":[{"href":"http:\/\/wenergy.com.tr\/en\/wp-json\/wp\/v2\/media?parent=617"}],"curies":[{"name":"wp","href":"https:\/\/api.w.org\/{rel}","templated":true}]}}