{"id":698,"date":"2023-04-10T01:36:47","date_gmt":"2023-04-10T01:36:47","guid":{"rendered":"https:\/\/wenergy.com.tr\/?page_id=698"},"modified":"2023-04-17T01:51:01","modified_gmt":"2023-04-17T01:51:01","slug":"basin-bulteni","status":"publish","type":"page","link":"http:\/\/wenergy.com.tr\/en\/basin-bulteni\/","title":{"rendered":"Press Relase"},"content":{"rendered":"\t\t<div data-elementor-type=\"wp-page\" data-elementor-id=\"698\" class=\"elementor elementor-698\">\n\t\t\t\t\t\t<section class=\"elementor-section elementor-top-section elementor-element elementor-element-51eec9b elementor-section-boxed elementor-section-height-default elementor-section-height-default\" data-id=\"51eec9b\" data-element_type=\"section\" data-e-type=\"section\" data-settings=\"{&quot;background_background&quot;:&quot;slideshow&quot;,&quot;background_slideshow_gallery&quot;:[{&quot;id&quot;:962,&quot;url&quot;:&quot;https:\\\/\\\/wenergy.com.tr\\\/wp-content\\\/uploads\\\/2023\\\/04\\\/web_banner_black.jpg&quot;},{&quot;id&quot;:964,&quot;url&quot;:&quot;https:\\\/\\\/wenergy.com.tr\\\/wp-content\\\/uploads\\\/2023\\\/04\\\/web_banner_black02.jpg&quot;}],&quot;background_slideshow_ken_burns&quot;:&quot;yes&quot;,&quot;background_slideshow_loop&quot;:&quot;yes&quot;,&quot;background_slideshow_slide_duration&quot;:5000,&quot;background_slideshow_slide_transition&quot;:&quot;fade&quot;,&quot;background_slideshow_transition_duration&quot;:500,&quot;background_slideshow_ken_burns_zoom_direction&quot;:&quot;in&quot;}\">\n\t\t\t\t\t\t<div class=\"elementor-container elementor-column-gap-default\">\n\t\t\t\t\t<div class=\"elementor-column elementor-col-100 elementor-top-column elementor-element elementor-element-3e59819\" data-id=\"3e59819\" data-element_type=\"column\" data-e-type=\"column\">\n\t\t\t<div class=\"elementor-widget-wrap elementor-element-populated\">\n\t\t\t\t\t\t<div class=\"elementor-element elementor-element-319e32b elementor-widget elementor-widget-gva-heading-block\" data-id=\"319e32b\" data-element_type=\"widget\" data-e-type=\"widget\" data-widget_type=\"gva-heading-block.default\">\n\t\t\t\t<div class=\"elementor-widget-container\">\n\t\t\t\t\t<div class=\"gva-element-gva-heading-block gva-element\">   <div class=\"align-left style-1 widget gsc-heading box-align-left auto-responsive\">\r\n      <div class=\"content-inner\">\r\n         \r\n                  \r\n           \r\n         \r\n                     <h2 class=\"title\">\r\n               <span>Bas\u0131n B\u00fclteni<\/span>\r\n            <\/h2>\r\n                  \r\n                     <div class=\"title-desc\">Bas\u0131n B\u00fcltenleri \u0130nceleyebilirsiniz<\/div>\r\n         \r\n         \r\n      <\/div>\r\n   <\/div>\r\n<\/div>\t\t\t\t<\/div>\n\t\t\t\t<\/div>\n\t\t\t\t\t<\/div>\n\t\t<\/div>\n\t\t\t\t\t<\/div>\n\t\t<\/section>\n\t\t\t\t<section class=\"elementor-section elementor-top-section elementor-element elementor-element-2ac74c4 elementor-section-boxed elementor-section-height-default elementor-section-height-default\" data-id=\"2ac74c4\" data-element_type=\"section\" data-e-type=\"section\">\n\t\t\t\t\t\t<div class=\"elementor-container elementor-column-gap-default\">\n\t\t\t\t\t<div class=\"elementor-column elementor-col-100 elementor-top-column elementor-element elementor-element-2d8cdf9\" data-id=\"2d8cdf9\" data-element_type=\"column\" data-e-type=\"column\">\n\t\t\t<div class=\"elementor-widget-wrap elementor-element-populated\">\n\t\t\t\t\t\t<div class=\"elementor-element elementor-element-9678132 elementor-widget elementor-widget-gva-posts\" data-id=\"9678132\" data-element_type=\"widget\" data-e-type=\"widget\" data-widget_type=\"gva-posts.default\">\n\t\t\t\t<div class=\"elementor-widget-container\">\n\t\t\t\t\t<div class=\"gva-element-gva-posts gva-element\"><\/div>\t\t\t\t<\/div>\n\t\t\t\t<\/div>\n\t\t\t\t\t<\/div>\n\t\t<\/div>\n\t\t\t\t\t<\/div>\n\t\t<\/section>\n\t\t\t\t<section class=\"elementor-section elementor-top-section elementor-element elementor-element-a608306 elementor-section-boxed elementor-section-height-default elementor-section-height-default\" data-id=\"a608306\" data-element_type=\"section\" data-e-type=\"section\" data-settings=\"{&quot;background_background&quot;:&quot;gradient&quot;}\">\n\t\t\t\t\t\t<div class=\"elementor-container elementor-column-gap-default\">\n\t\t\t\t\t<div class=\"elementor-column elementor-col-50 elementor-top-column elementor-element elementor-element-2479d24\" data-id=\"2479d24\" data-element_type=\"column\" data-e-type=\"column\">\n\t\t\t<div class=\"elementor-widget-wrap elementor-element-populated\">\n\t\t\t\t\t\t<div class=\"elementor-element elementor-element-55fd09a elementor-position-inline-start icon-box-left elementor-view-default elementor-mobile-position-block-start elementor-widget elementor-widget-icon-box\" data-id=\"55fd09a\" data-element_type=\"widget\" data-e-type=\"widget\" data-widget_type=\"icon-box.default\">\n\t\t\t\t<div class=\"elementor-widget-container\">\n\t\t\t\t\t\t\t<div class=\"elementor-icon-box-wrapper\">\n\n\t\t\t\t\t\t<div class=\"elementor-icon-box-icon\">\n\t\t\t\t<span  class=\"elementor-icon\">\n\t\t\t\t<i aria-hidden=\"true\" class=\" micon__folder\"><\/i>\t\t\t\t<\/span>\n\t\t\t<\/div>\n\t\t\t\n\t\t\t\t\t\t<div class=\"elementor-icon-box-content\">\n\n\t\t\t\t\t\t\t\t\t<h3 class=\"elementor-icon-box-title\">\n\t\t\t\t\t\t<span  >\n\t\t\t\t\t\t\tKATILIMCI OLMAK\t\t\t\t\t\t<\/span>\n\t\t\t\t\t<\/h3>\n\t\t\t\t\n\t\t\t\t\t\t\t\t\t<p class=\"elementor-icon-box-description\">\n\t\t\t\t\t\t60 \u00dclke 30.000 \u00dczerinde Profesyonelle Tan\u0131\u015fmak \u0130\u00e7in...\t\t\t\t\t<\/p>\n\t\t\t\t\n\t\t\t<\/div>\n\t\t\t\n\t\t<\/div>\n\t\t\t\t\t\t<\/div>\n\t\t\t\t<\/div>\n\t\t\t\t\t<\/div>\n\t\t<\/div>\n\t\t\t\t<div class=\"elementor-column elementor-col-50 elementor-top-column elementor-element elementor-element-304e508\" data-id=\"304e508\" data-element_type=\"column\" data-e-type=\"column\">\n\t\t\t<div class=\"elementor-widget-wrap elementor-element-populated\">\n\t\t\t\t\t\t<div class=\"elementor-element elementor-element-37c686a elementor-widget__width-auto elementor-widget elementor-widget-html\" data-id=\"37c686a\" data-element_type=\"widget\" data-e-type=\"widget\" data-widget_type=\"html.default\">\n\t\t\t\t<div class=\"elementor-widget-container\">\n\t\t\t\t\t<a class=\"btn-white\" href=\"https:\/\/wenergy.com.tr\/katilimci-formu\/\">\n    KATILIMCI OL\n<\/a>\t\t\t\t<\/div>\n\t\t\t\t<\/div>\n\t\t\t\t\t<\/div>\n\t\t<\/div>\n\t\t\t\t\t<\/div>\n\t\t<\/section>\n\t\t\t\t<\/div>\n\t\t","protected":false},"excerpt":{"rendered":"<p>Bas\u0131n B\u00fclteni Bas\u0131n B\u00fcltenleri \u0130nceleyebilirsiniz 23A\u011fu admin R\u00dcZMER 2023&#8217;te Yeni \u00d6l\u00e7\u00fcmler Yapacak Devam\u0131n\u0131 Oku 23A\u011fu admin \u00dcnl\u00fc CEO Dickson, Marentech Expo \u0130\u00e7in T\u00dcRK\u0130YE&#8217;ye Geliyor Devam\u0131n\u0131 Oku 23A\u011fu admin Ortak Hedef, [&hellip;]<\/p>\n","protected":false},"author":1,"featured_media":0,"parent":0,"menu_order":0,"comment_status":"closed","ping_status":"closed","template":"","meta":{"_price":"","_stock":"","_tribe_ticket_header":"","_tribe_default_ticket_provider":"","_tribe_ticket_capacity":"0","_ticket_start_date":"","_ticket_end_date":"","_tribe_ticket_show_description":"","_tribe_ticket_show_not_going":false,"_tribe_ticket_use_global_stock":"","_tribe_ticket_global_stock_level":"","_global_stock_mode":"","_global_stock_cap":"","_tribe_rsvp_for_event":"","_tribe_ticket_going_count":"","_tribe_ticket_not_going_count":"","_tribe_tickets_list":"[]","_tribe_ticket_has_attendee_info_fields":false,"footnotes":"","_tec_slr_enabled":"","_tec_slr_layout":""},"class_list":["post-698","page","type-page","status-publish","hentry"],"ticketed":false,"_links":{"self":[{"href":"http:\/\/wenergy.com.tr\/en\/wp-json\/wp\/v2\/pages\/698","targetHints":{"allow":["GET"]}}],"collection":[{"href":"http:\/\/wenergy.com.tr\/en\/wp-json\/wp\/v2\/pages"}],"about":[{"href":"http:\/\/wenergy.com.tr\/en\/wp-json\/wp\/v2\/types\/page"}],"author":[{"embeddable":true,"href":"http:\/\/wenergy.com.tr\/en\/wp-json\/wp\/v2\/users\/1"}],"replies":[{"embeddable":true,"href":"http:\/\/wenergy.com.tr\/en\/wp-json\/wp\/v2\/comments?post=698"}],"version-history":[{"count":14,"href":"http:\/\/wenergy.com.tr\/en\/wp-json\/wp\/v2\/pages\/698\/revisions"}],"predecessor-version":[{"id":1015,"href":"http:\/\/wenergy.com.tr\/en\/wp-json\/wp\/v2\/pages\/698\/revisions\/1015"}],"wp:attachment":[{"href":"http:\/\/wenergy.com.tr\/en\/wp-json\/wp\/v2\/media?parent=698"}],"curies":[{"name":"wp","href":"https:\/\/api.w.org\/{rel}","templated":true}]}}