{"id":551,"date":"2023-04-09T01:55:24","date_gmt":"2023-04-09T01:55:24","guid":{"rendered":"https:\/\/wenergy.com.tr\/?page_id=551"},"modified":"2023-04-17T01:43:42","modified_gmt":"2023-04-17T01:43:42","slug":"foto-galeri-2","status":"publish","type":"page","link":"http:\/\/wenergy.com.tr\/tr\/foto-galeri-2\/","title":{"rendered":"Video Galeri"},"content":{"rendered":"\t\t<div data-elementor-type=\"wp-page\" data-elementor-id=\"551\" class=\"elementor elementor-551\">\n\t\t\t\t\t\t<section class=\"elementor-section elementor-top-section elementor-element elementor-element-fd202d3 elementor-section-boxed elementor-section-height-default elementor-section-height-default\" data-id=\"fd202d3\" data-element_type=\"section\" data-e-type=\"section\" data-settings=\"{&quot;background_background&quot;:&quot;slideshow&quot;,&quot;background_slideshow_gallery&quot;:[{&quot;id&quot;:962,&quot;url&quot;:&quot;https:\\\/\\\/wenergy.com.tr\\\/wp-content\\\/uploads\\\/2023\\\/04\\\/web_banner_black.jpg&quot;},{&quot;id&quot;:964,&quot;url&quot;:&quot;https:\\\/\\\/wenergy.com.tr\\\/wp-content\\\/uploads\\\/2023\\\/04\\\/web_banner_black02.jpg&quot;}],&quot;background_slideshow_ken_burns&quot;:&quot;yes&quot;,&quot;background_slideshow_loop&quot;:&quot;yes&quot;,&quot;background_slideshow_slide_duration&quot;:5000,&quot;background_slideshow_slide_transition&quot;:&quot;fade&quot;,&quot;background_slideshow_transition_duration&quot;:500,&quot;background_slideshow_ken_burns_zoom_direction&quot;:&quot;in&quot;}\">\n\t\t\t\t\t\t<div class=\"elementor-container elementor-column-gap-default\">\n\t\t\t\t\t<div class=\"elementor-column elementor-col-100 elementor-top-column elementor-element elementor-element-ba7dad5\" data-id=\"ba7dad5\" data-element_type=\"column\" data-e-type=\"column\">\n\t\t\t<div class=\"elementor-widget-wrap elementor-element-populated\">\n\t\t\t\t\t\t<div class=\"elementor-element elementor-element-fab46f7 elementor-widget elementor-widget-gva-heading-block\" data-id=\"fab46f7\" data-element_type=\"widget\" data-e-type=\"widget\" data-widget_type=\"gva-heading-block.default\">\n\t\t\t\t<div class=\"elementor-widget-container\">\n\t\t\t\t\t<div class=\"gva-element-gva-heading-block gva-element\">   <div class=\"align-left style-1 widget gsc-heading box-align-left auto-responsive\">\r\n      <div class=\"content-inner\">\r\n         \r\n                  \r\n           \r\n         \r\n                     <h2 class=\"title\">\r\n               <span>Video Galeri<\/span>\r\n            <\/h2>\r\n                  \r\n                     <div class=\"title-desc\">Fuar Video Galerimize Ho\u015fgeldiniz !<\/div>\r\n         \r\n         \r\n      <\/div>\r\n   <\/div>\r\n<\/div>\t\t\t\t<\/div>\n\t\t\t\t<\/div>\n\t\t\t\t\t<\/div>\n\t\t<\/div>\n\t\t\t\t\t<\/div>\n\t\t<\/section>\n\t\t\t\t<section class=\"elementor-section elementor-top-section elementor-element elementor-element-a1c008d elementor-section-boxed elementor-section-height-default elementor-section-height-default\" data-id=\"a1c008d\" data-element_type=\"section\" data-e-type=\"section\">\n\t\t\t\t\t\t<div class=\"elementor-container elementor-column-gap-default\">\n\t\t\t\t\t<div class=\"elementor-column elementor-col-100 elementor-top-column elementor-element elementor-element-f8bcd24\" data-id=\"f8bcd24\" data-element_type=\"column\" data-e-type=\"column\">\n\t\t\t<div class=\"elementor-widget-wrap elementor-element-populated\">\n\t\t\t\t\t\t<div class=\"elementor-element elementor-element-2eea138 elementor-widget elementor-widget-text-editor\" data-id=\"2eea138\" data-element_type=\"widget\" data-e-type=\"widget\" data-widget_type=\"text-editor.default\">\n\t\t\t\t<div class=\"elementor-widget-container\">\n\t\t\t\t\t\t\t\t\t<h3><strong>\u00dcmit Vural, \u00dcreten T\u00fcrkiye&#8217;nin Konu\u011fuydu<\/strong><\/h3><p><iframe title=\"YouTube video player\" src=\"https:\/\/www.youtube.com\/embed\/BNJiFzijceU\" width=\"100%\" height=\"600px\" frameborder=\"0\" allowfullscreen=\"allowfullscreen\"><\/iframe><\/p>\t\t\t\t\t\t\t\t<\/div>\n\t\t\t\t<\/div>\n\t\t\t\t<div class=\"elementor-element elementor-element-4da4384 elementor-widget elementor-widget-text-editor\" data-id=\"4da4384\" data-element_type=\"widget\" data-e-type=\"widget\" data-widget_type=\"text-editor.default\">\n\t\t\t\t<div class=\"elementor-widget-container\">\n\t\t\t\t\t\t\t\t\t<h3><strong>\u0130ZTO Temiz Enerji \u00c7al\u0131\u015fma Grubu Ba\u015fkan\u0131 L\u00dcTF\u0130 KILI\u00c7 Ekot\u00fcrk TV&#8217;nin Konu\u011fu\n<\/strong><\/h3>\n<iframe width=\"100%\" height=\"600px\" src=\"https:\/\/www.youtube.com\/embed\/5W8lXuzwVNQ\" title=\"YouTube video player\" frameborder=\"0\" allow=\"accelerometer; autoplay; clipboard-write; encrypted-media; gyroscope; picture-in-picture; web-share\" allowfullscreen><\/iframe>\t\t\t\t\t\t\t\t<\/div>\n\t\t\t\t<\/div>\n\t\t\t\t<div class=\"elementor-element elementor-element-8fb04b2 elementor-widget elementor-widget-text-editor\" data-id=\"8fb04b2\" data-element_type=\"widget\" data-e-type=\"widget\" data-widget_type=\"text-editor.default\">\n\t\t\t\t<div class=\"elementor-widget-container\">\n\t\t\t\t\t\t\t\t\t<h3><strong>TRT HABER: &#8220;Deniz \u00dcst\u00fc Enerji Haberi&#8221;<br \/><\/strong><\/h3><p><iframe title=\"YouTube video player\" src=\"https:\/\/www.youtube.com\/embed\/0V8b1s55u3k\" width=\"100%\" height=\"600px\" frameborder=\"0\" allowfullscreen=\"allowfullscreen\"><\/iframe><\/p>\t\t\t\t\t\t\t\t<\/div>\n\t\t\t\t<\/div>\n\t\t\t\t\t<\/div>\n\t\t<\/div>\n\t\t\t\t\t<\/div>\n\t\t<\/section>\n\t\t\t\t<section class=\"elementor-section elementor-top-section elementor-element elementor-element-874771e elementor-section-boxed elementor-section-height-default elementor-section-height-default\" data-id=\"874771e\" data-element_type=\"section\" data-e-type=\"section\" data-settings=\"{&quot;background_background&quot;:&quot;gradient&quot;}\">\n\t\t\t\t\t\t<div class=\"elementor-container elementor-column-gap-default\">\n\t\t\t\t\t<div class=\"elementor-column elementor-col-50 elementor-top-column elementor-element elementor-element-baf9328\" data-id=\"baf9328\" data-element_type=\"column\" data-e-type=\"column\">\n\t\t\t<div class=\"elementor-widget-wrap elementor-element-populated\">\n\t\t\t\t\t\t<div class=\"elementor-element elementor-element-faa0958 elementor-position-inline-start icon-box-left elementor-view-default elementor-mobile-position-block-start elementor-widget elementor-widget-icon-box\" data-id=\"faa0958\" data-element_type=\"widget\" data-e-type=\"widget\" data-widget_type=\"icon-box.default\">\n\t\t\t\t<div class=\"elementor-widget-container\">\n\t\t\t\t\t\t\t<div class=\"elementor-icon-box-wrapper\">\n\n\t\t\t\t\t\t<div class=\"elementor-icon-box-icon\">\n\t\t\t\t<span  class=\"elementor-icon\">\n\t\t\t\t<i aria-hidden=\"true\" class=\" micon__folder\"><\/i>\t\t\t\t<\/span>\n\t\t\t<\/div>\n\t\t\t\n\t\t\t\t\t\t<div class=\"elementor-icon-box-content\">\n\n\t\t\t\t\t\t\t\t\t<h3 class=\"elementor-icon-box-title\">\n\t\t\t\t\t\t<span  >\n\t\t\t\t\t\t\tKATILIMCI OLMAK\t\t\t\t\t\t<\/span>\n\t\t\t\t\t<\/h3>\n\t\t\t\t\n\t\t\t\t\t\t\t\t\t<p class=\"elementor-icon-box-description\">\n\t\t\t\t\t\t60 \u00dclke 30.000 \u00dczerinde Profesyonelle Tan\u0131\u015fmak \u0130\u00e7in...\n\n\t\t\t\t\t<\/p>\n\t\t\t\t\n\t\t\t<\/div>\n\t\t\t\n\t\t<\/div>\n\t\t\t\t\t\t<\/div>\n\t\t\t\t<\/div>\n\t\t\t\t\t<\/div>\n\t\t<\/div>\n\t\t\t\t<div class=\"elementor-column elementor-col-50 elementor-top-column elementor-element elementor-element-4b50e81\" data-id=\"4b50e81\" data-element_type=\"column\" data-e-type=\"column\">\n\t\t\t<div class=\"elementor-widget-wrap elementor-element-populated\">\n\t\t\t\t\t\t<div class=\"elementor-element elementor-element-597283d elementor-widget__width-auto elementor-widget elementor-widget-html\" data-id=\"597283d\" data-element_type=\"widget\" data-e-type=\"widget\" data-widget_type=\"html.default\">\n\t\t\t\t<div class=\"elementor-widget-container\">\n\t\t\t\t\t<a class=\"btn-white\" href=\"https:\/\/wenergy.com.tr\/katilimci-formu\/\">\n    KATILIMCI OL\n<\/a>\t\t\t\t<\/div>\n\t\t\t\t<\/div>\n\t\t\t\t\t<\/div>\n\t\t<\/div>\n\t\t\t\t\t<\/div>\n\t\t<\/section>\n\t\t\t\t<\/div>\n\t\t","protected":false},"excerpt":{"rendered":"<p>Video Galeri Fuar Video Galerimize Ho\u015fgeldiniz ! \u00dcmit Vural, \u00dcreten T\u00fcrkiye&#8217;nin Konu\u011fuydu \u0130ZTO Temiz Enerji \u00c7al\u0131\u015fma Grubu Ba\u015fkan\u0131 L\u00dcTF\u0130 KILI\u00c7 Ekot\u00fcrk TV&#8217;nin Konu\u011fu TRT HABER: &#8220;Deniz \u00dcst\u00fc Enerji Haberi&#8221; KATILIMCI [&hellip;]<\/p>\n","protected":false},"author":1,"featured_media":0,"parent":0,"menu_order":0,"comment_status":"closed","ping_status":"closed","template":"","meta":{"_price":"","_stock":"","_tribe_ticket_header":"","_tribe_default_ticket_provider":"","_tribe_ticket_capacity":"0","_ticket_start_date":"","_ticket_end_date":"","_tribe_ticket_show_description":"","_tribe_ticket_show_not_going":false,"_tribe_ticket_use_global_stock":"","_tribe_ticket_global_stock_level":"","_global_stock_mode":"","_global_stock_cap":"","_tribe_rsvp_for_event":"","_tribe_ticket_going_count":"","_tribe_ticket_not_going_count":"","_tribe_tickets_list":"[]","_tribe_ticket_has_attendee_info_fields":false,"footnotes":"","_tec_slr_enabled":"","_tec_slr_layout":""},"class_list":["post-551","page","type-page","status-publish","hentry"],"ticketed":false,"_links":{"self":[{"href":"http:\/\/wenergy.com.tr\/tr\/wp-json\/wp\/v2\/pages\/551","targetHints":{"allow":["GET"]}}],"collection":[{"href":"http:\/\/wenergy.com.tr\/tr\/wp-json\/wp\/v2\/pages"}],"about":[{"href":"http:\/\/wenergy.com.tr\/tr\/wp-json\/wp\/v2\/types\/page"}],"author":[{"embeddable":true,"href":"http:\/\/wenergy.com.tr\/tr\/wp-json\/wp\/v2\/users\/1"}],"replies":[{"embeddable":true,"href":"http:\/\/wenergy.com.tr\/tr\/wp-json\/wp\/v2\/comments?post=551"}],"version-history":[{"count":11,"href":"http:\/\/wenergy.com.tr\/tr\/wp-json\/wp\/v2\/pages\/551\/revisions"}],"predecessor-version":[{"id":1476,"href":"http:\/\/wenergy.com.tr\/tr\/wp-json\/wp\/v2\/pages\/551\/revisions\/1476"}],"wp:attachment":[{"href":"http:\/\/wenergy.com.tr\/tr\/wp-json\/wp\/v2\/media?parent=551"}],"curies":[{"name":"wp","href":"https:\/\/api.w.org\/{rel}","templated":true}]}}